{"id":145,"date":"2018-09-25T15:11:23","date_gmt":"2018-09-25T13:11:23","guid":{"rendered":"http:\/\/saraczepova.cz\/fotbal\/?page_id=145"},"modified":"2025-02-26T14:29:04","modified_gmt":"2025-02-26T13:29:04","slug":"historie","status":"publish","type":"page","link":"https:\/\/fcvb.cz\/?page_id=145","title":{"rendered":"Historie"},"content":{"rendered":"<p>[et_pb_section fb_built=&#8220;1&#8243; admin_label=&#8220;Hero Section&#8220; _builder_version=&#8220;3.0.106&#8243; use_background_color_gradient=&#8220;on&#8220; background_color_gradient_start=&#8220;#003a5e&#8220; background_color_gradient_end=&#8220;#84001a&#8220; background_color_gradient_direction=&#8220;131deg&#8220; custom_padding=&#8220;19px||0|&#8220; animation_style=&#8220;slide&#8220; animation_direction=&#8220;top&#8220; animation_intensity_slide=&#8220;2%&#8220; animation_starting_opacity=&#8220;100%&#8220; box_shadow_style=&#8220;preset7&#8243; box_shadow_horizontal=&#8220;0px&#8220; box_shadow_vertical=&#8220;-120px&#8220; box_shadow_color=&#8220;#ffffff&#8220; locked=&#8220;off&#8220;][et_pb_row custom_width_px=&#8220;1440px&#8220; custom_padding=&#8220;24px|0px|40px|0px&#8220; _builder_version=&#8220;3.0.106&#8243; background_size=&#8220;initial&#8220; background_position=&#8220;top_left&#8220; background_repeat=&#8220;repeat&#8220;][et_pb_column type=&#8220;1_2&#8243; _builder_version=&#8220;3.0.47&#8243; parallax=&#8220;off&#8220; parallax_method=&#8220;on&#8220;][et_pb_text _builder_version=&#8220;3.0.106&#8243; text_font=&#8220;||||||||&#8220; text_font_size=&#8220;16px&#8220; text_line_height=&#8220;2em&#8220; header_font=&#8220;||||||||&#8220; header_2_font=&#8220;Raleway|700|||||||&#8220; header_2_font_size=&#8220;50px&#8220; header_2_font_size_tablet=&#8220;35px&#8220; header_2_font_size_phone=&#8220;25px&#8220; header_2_font_size_last_edited=&#8220;on|phone&#8220; header_2_line_height=&#8220;1.2em&#8220; header_6_font=&#8220;Raleway|700||on|||||&#8220; header_6_font_size=&#8220;16px&#8220; header_6_letter_spacing=&#8220;5px&#8220; header_6_line_height=&#8220;1.8em&#8220; text_orientation=&#8220;center&#8220; max_width=&#8220;700px&#8220; module_alignment=&#8220;center&#8220; header_text_color=&#8220;#ffffff&#8220; header_6_text_color=&#8220;#ffffff&#8220; header_2_text_color=&#8220;#f9f9f9&#8243;]<\/p>\n<h6 style=\"text-align: left;\">z Historie<\/h6>\n<h2 style=\"text-align: left;\">Vznik sportovn\u00edho klubu,\u00a01928<\/h2>\n<p>[\/et_pb_text][\/et_pb_column][et_pb_column type=&#8220;1_2&#8243; _builder_version=&#8220;3.0.47&#8243; parallax=&#8220;off&#8220; parallax_method=&#8220;on&#8220;][et_pb_image src=&#8220;http:\/\/saraczepova.cz\/fotbal\/wp-content\/uploads\/2018\/09\/logo_nove.png&#8220; _builder_version=&#8220;3.0.106&#8243; max_width=&#8220;45%&#8220;][\/et_pb_image][\/et_pb_column][\/et_pb_row][\/et_pb_section][et_pb_section fb_built=&#8220;1&#8243; admin_label=&#8220;History&#8220; _builder_version=&#8220;3.13&#8243; custom_padding=&#8220;0|0px|36px|0px&#8220;][et_pb_row _builder_version=&#8220;3.0.106&#8243;][et_pb_column type=&#8220;4_4&#8243; _builder_version=&#8220;3.0.106&#8243; parallax=&#8220;off&#8220; parallax_method=&#8220;on&#8220;][et_pb_text _builder_version=&#8220;3.0.106&#8243; text_font=&#8220;||||||||&#8220; text_font_size=&#8220;15px&#8220;]<\/p>\n<p style=\"text-align: justify;\">I v\u011bci o nich\u017e se nep\u00ed\u0161\u00ed ver\u0161e maj\u00ed svoji poezii &#8230; Ani kopan\u00e1 nen\u00ed jen oby\u010dejnou \u010dutanou, ale \u010d\u00edmsi mnohem p\u016fvabn\u011bj\u0161\u00edm, nap\u00ednav\u011bj\u0161\u00edm a z\u00e1hadn\u011bj\u0161\u00edm &#8230; M\u00e1 sv\u00e9 u\u010dedn\u00edky, mistry i hrdiny. Svou historii, drama i \u00fasm\u011bvy&#8230;<\/p>\n<p style=\"text-align: justify;\"><strong>Prvn\u00ed kontakt s m\u00ed\u010dem<\/strong> z\u00edskala b\u00edt\u00fd\u0161sk\u00e1 ml\u00e1de\u017e u\u017e v roce 1924, kdy\u017e jej dovezli brat\u0159i Troj\u00e1nkovi z Brna. N\u00e1\u0161 Mirek Kratochv\u00edl s nimi hr\u00e1l v Brn\u011b za Moravskou Sl\u00e1vii. V on\u00e9 dob\u011b byly T\u011blov\u00fdchovn\u00e9 jednoty Sokol i Orel proti zakl\u00e1d\u00e1n\u00ed sportovn\u00edch klub\u016f zam\u011b\u0159en\u00fdch na kopanou. Byli to pr\u00e1v\u011b mlad\u00ed, kte\u0159\u00ed se sdru\u017eovali v ji\u017e uveden\u00fdch organizac\u00edch a v DTJ (D\u011blnick\u00e9 t\u011blov\u00fdchovn\u00e9 jednot\u011b).<\/p>\n<p style=\"text-align: justify;\">Zaslou\u017eili se o zalo\u017een\u00ed sportovn\u00edho klubu zam\u011b\u0159en\u00e9ho na fotbal.V roce 1928 po\u017e\u00e1dali svoje star\u0161\u00ed kamar\u00e1dy\u00a0o pod\u00e1n\u00ed p\u0159ihl\u00e1\u0161ky do rozv\u00edjej\u00edc\u00ed se BZ\u017dF (Bradovy z\u00e1padomoravsk\u00e9 fotbalov\u00e9 \u017eupy). Tohoto nelehk\u00e9ho \u00fakolu se ujali Mirek Kratochv\u00edl, Milo\u0161 Denk, Jan Pato\u010dka a Franti\u0161ek Pecka. Prvn\u00ed opravdov\u00e9 h\u0159i\u0161t\u011b bylo situov\u00e1no na prav\u00e9m b\u0159ehu \u0159eky Svratky u \u017eelezni\u010dn\u00edho mostu. Kopan\u00e1 se za\u010dala hr\u00e1vat na <strong>koupali\u0161ti u Tejkalova ml\u00fdna<\/strong>.<\/p>\n<p style=\"text-align: justify;\">Dal\u0161\u00edm m\u00edstem se stal <strong>prostor sou\u010dasn\u00e9ho kulturn\u00edho domu a \u0161kolky<\/strong>. A t\u0159et\u00ed m\u00edsto bylo &#8222;<strong>Na Tr\u017ei\u0161ti<\/strong>&#8222;, (jak se \u0159\u00edkalo &#8230; je to prostor za kamenn\u00fdm mostem p\u0159es \u0159eku Svratku, kter\u00fd je ohrani\u010den ulic\u00ed Maru\u0161ky Kude\u0159\u00edkov\u00e9 a ulic\u00ed Ti\u0161novskou &#8211; jsou tam nyn\u00ed postaveny bytovky). Dal\u0161\u00ed h\u0159i\u0161t\u011b, tak\u00e9 provizorn\u00ed, bylo vybudov\u00e1no se svolen\u00edm Spr\u00e1vy Kn\u00edni\u010dsk\u00e9 p\u0159ehrady v z\u00e1topov\u00e9 oblasti za hr\u00e1z\u00ed u Tejkalova ml\u00fdna (&#8222;na ba\u017ein\u00e1ch&#8220;). A tak tak\u00e9 skon\u010dilo. Jednoho dne jsme p\u0159i\u0161li na h\u0159i\u0161t\u011b &#8230; a bylo zral\u00e9 tak ako\u00adr\u00e1t k zahr\u00e1n\u00ed vodn\u00edho p\u00f3la.<\/p>\n<p style=\"text-align: justify;\">Pod t\u00edhou t\u011bchto ud\u00e1lost\u00ed po\u017e\u00e1dal SK (sportovn\u00ed klub) v roce 1941 obecn\u00ed \u00fa\u0159ad o p\u0159id\u011blen\u00ed pozemku vhodn\u00e9ho ke zbu\u00addov\u00e1n\u00ed fotbalov\u00e9ho h\u0159i\u0161t\u011b. Dostali jsme vyt\u011b\u017een\u00fd p\u00edse\u010d\u0148\u00e1k. Byl to danajsk\u00fd dar. Jedno velk\u00e9 smeti\u0161t\u011b &#8230; skl\u00e1dka v\u0161eho, na\u010d si vzpomenete. Po dvou letech usilovn\u00e9 pr\u00e1ce bylo h\u0159i\u0161t\u011b zp\u016fsobil\u00e9 ke h\u0159e. Od t\u011bch dob slou\u017e\u00ed toto m\u00edsto st\u00e1le stej\u00adn\u00e9mu \u00fa\u010delu. Prvn\u00ed utk\u00e1n\u00ed prob\u011bhlo s ku\u0159imsk\u00fdmi fot\u00adbalisty, kter\u00e9 skon\u010dilo v\u00edt\u011bzstv\u00edm na\u0161ich host\u00ed.<\/p>\n<p>[\/et_pb_text][\/et_pb_column][\/et_pb_row][et_pb_row custom_padding=&#8220;24px|0px|0|0px&#8220; disabled_on=&#8220;on|off|off&#8220; _builder_version=&#8220;3.0.106&#8243;][et_pb_column type=&#8220;4_4&#8243; _builder_version=&#8220;3.0.106&#8243; parallax=&#8220;off&#8220; parallax_method=&#8220;on&#8220;][et_pb_gallery gallery_ids=&#8220;133,132,131,130&#8243; gallery_captions=&#8220;,,,&#8220; posts_number=&#8220;4&#8243; show_title_and_caption=&#8220;off&#8220; _builder_version=&#8220;3.0.106&#8243;][\/et_pb_gallery][\/et_pb_column][\/et_pb_row][et_pb_row custom_padding=&#8220;0|0px|24px|0px&#8220; _builder_version=&#8220;3.0.106&#8243;][et_pb_column type=&#8220;4_4&#8243; _builder_version=&#8220;3.0.106&#8243; parallax=&#8220;off&#8220; parallax_method=&#8220;on&#8220;][et_pb_text _builder_version=&#8220;3.0.106&#8243; text_font=&#8220;||||||||&#8220; text_font_size=&#8220;15px&#8220; header_font=&#8220;||||||||&#8220; header_4_font=&#8220;||||||||&#8220; header_4_font_size=&#8220;20px&#8220; header_4_line_height=&#8220;1.9em&#8220;]<\/p>\n<h4 style=\"text-align: justify;\">Rok 1939. Zrada v Mnichov\u011b.<\/h4>\n<p style=\"text-align: justify;\"><strong>15. b\u0159ezen<\/strong> &#8211; z\u0159\u00edzen\u00ed protektor\u00e1tu B\u00f6h\u00admen und M\u00e4hren a vznik \u201esamostatn\u00e9ho&#8220; Slovenska. Nast\u00e1v\u00e1 doba pracovn\u00edho nasazen\u00ed v Reichu. Fotbalov\u00e9 z\u00e1pasy byly zahajov\u00e1ny a ukon\u00ad\u010dov\u00e1ny pozdravem: &#8222;Vlasti a sportu zdar.&#8220; Od srpna 1942 na\u0159\u00eddily org\u00e1ny hr\u00e1\u010d\u016fm, aby zdravili p\u0159i n\u00e1stupu p\u0159ed z\u00e1pasem zdvi\u017eenou pravic\u00ed. Za protektor\u00e1tu &#8230; b\u011bhem t\u00e9to velmi t\u011b\u017ek\u00e9 doby byla \u010dinnost klubu dosti omezena. Bylo z\u0159\u00edzeno kuratorium. Celou \u010dinnost klubu dozoroval zvl\u00e1\u0161tn\u00ed zmocn\u011bnec, kter\u00e9mu musela b\u00fdt hl\u00e1\u0161ena ka\u017ed\u00e1 akce. Jako vedouc\u00ed kuratoria ve Vev.B\u00edt\u00fd\u0161ce byl navr\u017een m\u00edstn\u00ed u\u010ditel Stanislav Slouka, kter\u00fd tuto funkci odm\u00edtl. K tomuto postoji bylo zapot\u0159eb\u00ed spousta odvahy. Z\u00edskal obdiv n\u00e1s v\u0161ech. Pod ochrann\u00fdmi k\u0159\u00eddly SK byl i divadeln\u00ed soubor Bohdana Chlada.<\/p>\n<p style=\"text-align: justify;\"><strong>Jaro 1945<\/strong> &#8211; zem\u011b zase svobodn\u011b d\u00fdch\u00e1. A pak p\u0159i\u0161el ten dlouho o\u010dek\u00e1van\u00fd den osvobozen\u00ed. 9. kv\u011bten. Cel\u00e1 zem\u011b byla zahalena do kv\u011bt\u016f. V\u00edt\u00e1n\u00ed osvoboditel\u016f.<\/p>\n<p style=\"text-align: justify;\">Nastala radostn\u011bj\u0161\u00ed pr\u00e1ce v osvobozen\u00e9 vlasti. SK se necht\u011bl sm\u00ed\u0159it s \u00fastupem sv\u00e9 b\u00fdval\u00e9 sl\u00e1vy. Mu\u017estvo utrp\u011blo b\u011bhem v\u00e1lky ztr\u00e1ty. Nab\u00edrali se nov\u00ed hr\u00e1\u010di. \u010clensk\u00e1 z\u00e1kladna se roz\u0161\u00ed\u0159ila a SK si ponech\u00e1v\u00e1 sv\u016fj p\u016fvodn\u00ed n\u00e1zev. Na h\u0159i\u0161ti byla odehr\u00e1na cel\u00e1 \u0159ada zaj\u00edmav\u00fdch z\u00e1pas\u016f. Na\u0161imi tradi\u010dn\u00edmi soupe\u0159i z\u016fst\u00e1vaj\u00ed mu\u017estva Bys\u00adtrce a Zast\u00e1vky.<\/p>\n<p style=\"text-align: justify;\"><strong>Rok 1948<\/strong>. V t\u011bchto letech m\u011bnily sportovn\u00ed kluby svoje n\u00e1zvy, n\u011bkter\u00e9 sportovn\u00ed organizace zanikly. Z na\u0161eho SK se stal Sokol. V\u00fdbor tehdej\u0161\u00edho odd\u00ed\u00adlu p\u0159evzal na sv\u00e1 bedra po\u0159\u00e1d\u00e1n\u00ed spole\u010densk\u00fdch akc\u00ed (ples, hody, vinobran\u00ed, r\u016fzn\u00e9 estr\u00e1dy) a t\u00edm obohacoval kulturn\u00ed \u017eivot v obci a tak\u00e9 svoji pok\u00adladnu. Nastala zm\u011bna v sout\u011b\u017e\u00edch a utk\u00e1n\u00edch. Byl nov\u011b utvo\u0159en okres Brno-venkov. Nastala dal\u0161\u00ed reorganizace. Zm\u011bnily se n\u00e1zvy podle odborov\u00fdch svaz\u016f.<\/p>\n<p>[\/et_pb_text][et_pb_gallery gallery_ids=&#8220;141,140,139,138&#8243; gallery_captions=&#8220;,,,&#8220; posts_number=&#8220;4&#8243; show_title_and_caption=&#8220;off&#8220; show_pagination=&#8220;off&#8220; _builder_version=&#8220;3.0.106&#8243;][\/et_pb_gallery][et_pb_text _builder_version=&#8220;3.0.106&#8243; text_font=&#8220;||||||||&#8220; text_font_size=&#8220;15px&#8220; header_font=&#8220;||||||||&#8220; header_4_font=&#8220;||||||||&#8220; header_4_font_size=&#8220;20px&#8220; header_4_line_height=&#8220;1.9em&#8220;]<\/p>\n<p style=\"text-align: justify;\"><strong>Rok 1952.<\/strong> Ze Sokola se st\u00e1v\u00e1 Dobrovoln\u00e1 sportovn\u00ed organizace DSO Jiskra. Cel\u00e1 \u0159ada na\u0161ich \u010dlen\u016f je zam\u011bstn\u00e1na v n.p. Rico Veversk\u00e1 B\u00edt\u00fd\u0161ka a jeho z\u00e1vod\u011b. Ve v\u00fdboru byl uplatn\u011bn n\u00e1vrh roz\u0161i\u0159ovat spolupr\u00e1ci s veden\u00edm z\u00e1vodu Rico Vev. B\u00edt\u00fd\u0161ka, ROH a M\u00edstn\u00edm n\u00e1rodn\u00edm v\u00fdborem v na\u0161\u00ed obci. Pro obecn\u00ed i na\u0161i pokladnu jsme zaji\u0161\u0165ovali sb\u011br kovov\u00e9ho odpadu v\u010detn\u011b domovn\u00edho. Svoz byl prov\u00e1d\u011bn n\u00e1kladn\u00edm autem, kter\u00e9 na\u0161e organizace z\u00edskala z Havl\u00ed\u010dkova Brodu, z\u00e1vod Rico.<\/p>\n<p style=\"text-align: justify;\">Poprv\u00e9 za hranice na\u0161\u00ed vlasti. U p\u0159\u00edle\u017eitosti 50let\u00e9ho v\u00fdro\u010d\u00ed od zalo\u017een\u00ed kopan\u00e9 v na\u0161\u00ed obci jsme absolvovali z\u00e1jezd do Polska k Baltick\u00e9mu mo\u0159i. Na\u0161e kopan\u00e1 byla pov\u011b\u0159ena reprezentac\u00ed na\u0161eho okresu.\u017d\u00e1dnou d\u00edru jsme do sv\u011bta v\u0161ak neud\u011blali. Soupe\u0159i byli nad na\u0161e s\u00edly. Byly to celky na \u00farovni na\u0161\u00ed 3.fotbalov\u00e9 ligy. Na opl\u00e1tku p\u0159ijela Wisla Tzew do Vev. B\u00edt\u00fd\u0161ky a se\u00adhr\u00e1la v kraji t\u0159i z\u00e1pasy. Na zaji\u0161t\u011bn\u00ed cel\u00e9 akce se pod\u00edlel OV \u010cSTV Brno-venkov. Pro n\u00e1\u0161 odd\u00edl by to bylo p\u0159\u00edli\u0161 n\u00e1ro\u010dn\u00e9.<\/p>\n<p style=\"text-align: justify;\">Od zalo\u017een\u00ed kopan\u00e9 a\u017e do ned\u00e1vn\u00e9 minulosti m\u011bli na\u0161i \u010dlenov\u00e9 mimo sportovn\u00ed \u010din\u00adnost tak\u00e9 starosti s budo\u00adv\u00e1n\u00edm sportovn\u00edho z\u00e1zem\u00ed. Celkem se to da\u0159ilo i kdy\u017e ke spokojenosti st\u00e1le n\u011bco chy\u00adb\u011blo. Ne v\u017edy bylo v\u0161e dle na\u0161ich p\u0159edstav.<\/p>\n<p style=\"text-align: justify;\">V\u00fdsledky, kter\u00fdch bylo dosa\u017eeno v uplynul\u00e9 dob\u011b, jsou z\u0159eteln\u00fdm obrazem c\u00edl\u016f kopan\u00e9 i cel\u00e9ho sportovn\u00edho hnut\u00ed. Kopan\u00e1 m\u00e1 v na\u0161em m\u011bstysu a cel\u00e9 vlasti sv\u011btlou budoucnost.<\/p>\n<p style=\"text-align: justify;\">Jako b\u00fdval\u00fd \u010dlen v\u00fdboru FC Veversk\u00e1 B\u00edt\u00fd\u0161ka m\u00e1m shodn\u00e9 p\u0159\u00e1n\u00ed s ostatn\u00edmi \u010dleny, aby se kopan\u00e1 stala sou\u010d\u00e1st\u00ed \u017eivota mlad\u00fdch lid\u00ed. V\u011b\u0159\u00edm, \u017ee pr\u00e1v\u011b oni p\u0159i sportovn\u00edch utk\u00e1n\u00edch utu\u017e\u00ed star\u00e1 a nav\u00e1\u017e\u00ed nov\u00e1 sportovn\u00ed p\u0159\u00e1telstv\u00ed &#8230; a tak\u00e9 &#8230; dostanou na\u0161i kopanou o stup\u00ednek v\u00fd\u0161e, kam ur\u010dit\u011b pat\u0159\u00ed.\u00a0<\/p>\n<p>Douf\u00e1m, \u017ee ta huben\u00e1 l\u00e9ta m\u00e1 n\u00e1\u0161 fotbal ji\u017e za sebou. Dol\u016f to jde velmi rychle, cesta nahoru je mnohem obt\u00ed\u017en\u011bj\u0161\u00ed. S t\u00edm m\u00e1me svoje zku\u0161enosti.<\/p>\n<p>Do budoucna p\u0159eji na\u0161\u00ed kopan\u00e9 hodn\u011b \u00fasp\u011bch\u016f. A s\u00e1m za sebe pros\u00edm v\u00e1\u017een\u00e9 \u010dten\u00e1\u0159e o shov\u00edvavost p\u0159i \u010dten\u00ed. K seps\u00e1n\u00ed t\u011bchto vzpom\u00ednek jsem nem\u011bl \u017e\u00e1dn\u00fd p\u00edsemn\u00fd materi\u00e1l. Uvedl jsem v\u0161e, na co jsem si s\u00e1m vzpomn\u011bl. Pepa Mifek a Jara Juran mi pomohli s up\u0159esn\u011bn\u00edm n\u011bkter\u00fdch \u00fadaj\u016f.<\/p>\n<p class=\"right\" style=\"text-align: right;\">Josef Dvo\u0159\u00e1k<\/p>\n<p>[\/et_pb_text][et_pb_image src=&#8220;http:\/\/saraczepova.cz\/fotbal\/wp-content\/uploads\/2018\/09\/1940_1942.jpg&#8220; _builder_version=&#8220;3.0.106&#8243;][\/et_pb_image][\/et_pb_column][\/et_pb_row][\/et_pb_section]<\/p>\n<div style=\"overflow:hidden;height:1px;\"><a href=\"https:\/\/farmacieromania24.com\/viagra-generica-cumparati\/\">sildenafil pret<\/a><\/div><\/p>\n","protected":false},"excerpt":{"rendered":"<p>z HistorieVznik sportovn\u00edho klubu,\u00a01928I v\u011bci o nich\u017e se nep\u00ed\u0161\u00ed ver\u0161e maj\u00ed svoji poezii &#8230; Ani kopan\u00e1 nen\u00ed jen oby\u010dejnou \u010dutanou, ale \u010d\u00edmsi mnohem p\u016fvabn\u011bj\u0161\u00edm, nap\u00ednav\u011bj\u0161\u00edm a z\u00e1hadn\u011bj\u0161\u00edm &#8230; M\u00e1 sv\u00e9 u\u010dedn\u00edky, mistry i hrdiny. Svou historii, drama i \u00fasm\u011bvy&#8230;Prvn\u00ed kontakt s m\u00ed\u010dem z\u00edskala b\u00edt\u00fd\u0161sk\u00e1 ml\u00e1de\u017e u\u017e v roce 1924, kdy\u017e jej dovezli brat\u0159i Troj\u00e1nkovi z [&hellip;]<\/p>\n","protected":false},"author":2,"featured_media":0,"parent":0,"menu_order":0,"comment_status":"closed","ping_status":"closed","template":"","meta":{"_et_pb_use_builder":"on","_et_pb_old_content":"","_et_gb_content_width":""},"_links":{"self":[{"href":"https:\/\/fcvb.cz\/index.php?rest_route=\/wp\/v2\/pages\/145"}],"collection":[{"href":"https:\/\/fcvb.cz\/index.php?rest_route=\/wp\/v2\/pages"}],"about":[{"href":"https:\/\/fcvb.cz\/index.php?rest_route=\/wp\/v2\/types\/page"}],"author":[{"embeddable":true,"href":"https:\/\/fcvb.cz\/index.php?rest_route=\/wp\/v2\/users\/2"}],"replies":[{"embeddable":true,"href":"https:\/\/fcvb.cz\/index.php?rest_route=%2Fwp%2Fv2%2Fcomments&post=145"}],"version-history":[{"count":8,"href":"https:\/\/fcvb.cz\/index.php?rest_route=\/wp\/v2\/pages\/145\/revisions"}],"predecessor-version":[{"id":5224,"href":"https:\/\/fcvb.cz\/index.php?rest_route=\/wp\/v2\/pages\/145\/revisions\/5224"}],"wp:attachment":[{"href":"https:\/\/fcvb.cz\/index.php?rest_route=%2Fwp%2Fv2%2Fmedia&parent=145"}],"curies":[{"name":"wp","href":"https:\/\/api.w.org\/{rel}","templated":true}]}}