{"id":2783,"date":"2023-10-08T12:17:27","date_gmt":"2023-10-08T10:17:27","guid":{"rendered":"https:\/\/fcvb.cz\/?page_id=2783"},"modified":"2025-02-26T14:29:20","modified_gmt":"2025-02-26T13:29:20","slug":"predpripravka","status":"publish","type":"page","link":"https:\/\/fcvb.cz\/?page_id=2783","title":{"rendered":"P\u0159edp\u0159\u00edpravka"},"content":{"rendered":"<p>[et_pb_section fb_built=&#8220;1&#8243; _builder_version=&#8220;4.16&#8243; use_background_color_gradient=&#8220;on&#8220; background_color_gradient_direction=&#8220;124deg&#8220; background_color_gradient_stops=&#8220;#050854 12%|#870d27 100%&#8220; background_color_gradient_start=&#8220;#050854&#8243; background_color_gradient_start_position=&#8220;12%&#8220; background_color_gradient_end=&#8220;#870d27&#8243; custom_padding=&#8220;0|0px|0|0px&#8220; global_colors_info=&#8220;{}&#8220;][et_pb_row _builder_version=&#8220;4.16&#8243; global_colors_info=&#8220;{}&#8220;][et_pb_column type=&#8220;4_4&#8243; _builder_version=&#8220;4.16.1&#8243; _module_preset=&#8220;default&#8220; global_colors_info=&#8220;{}&#8220;][et_pb_text _builder_version=&#8220;4.16.1&#8243; text_font=&#8220;||||||||&#8220; header_font=&#8220;Amiko|700|||||||&#8220; header_text_color=&#8220;#ffffff&#8220; header_font_size=&#8220;60px&#8220; header_line_height=&#8220;1.5em&#8220; header_2_font=&#8220;||||||||&#8220; header_3_font=&#8220;||||||||&#8220; header_4_font=&#8220;||||||||&#8220; header_5_font=&#8220;||||||||&#8220; header_6_font=&#8220;||||||||&#8220; background_size=&#8220;initial&#8220; background_position=&#8220;top_left&#8220; background_repeat=&#8220;repeat&#8220; custom_margin=&#8220;||20px|&#8220; locked=&#8220;off&#8220; global_colors_info=&#8220;{}&#8220;]<\/p>\n<h1 style=\"text-align: center;\">P\u0159edp\u0159\u00edpravka<\/h1>\n<p>[\/et_pb_text][\/et_pb_column][\/et_pb_row][\/et_pb_section][et_pb_section fb_built=&#8220;1&#8243; module_id=&#8220;muzi_o_tymu&#8220; _builder_version=&#8220;4.16&#8243; custom_padding=&#8220;0|0px|0|0px&#8220; animation_style=&#8220;slide&#8220; animation_duration=&#8220;1450ms&#8220; animation_intensity_slide=&#8220;44%&#8220; animation_starting_opacity=&#8220;8%&#8220; global_colors_info=&#8220;{}&#8220;][et_pb_row column_structure=&#8220;1_3,1_3,1_3&#8243; module_id=&#8220;muzi_o_tymu&#8220; _builder_version=&#8220;4.16&#8243; module_alignment=&#8220;center&#8220; global_colors_info=&#8220;{}&#8220;][et_pb_column type=&#8220;1_3&#8243; _builder_version=&#8220;4.16&#8243; custom_padding=&#8220;|||&#8220; global_colors_info=&#8220;{}&#8220; custom_padding__hover=&#8220;|||&#8220;][et_pb_image src=&#8220;http:\/\/saraczepova.cz\/fotbal\/wp-content\/uploads\/2018\/09\/logo_nove.png&#8220; align_tablet=&#8220;center&#8220; align_phone=&#8220;center&#8220; align_last_edited=&#8220;on|desktop&#8220; _builder_version=&#8220;4.16&#8243; max_width=&#8220;82%&#8220; module_alignment=&#8220;right&#8220; global_colors_info=&#8220;{}&#8220;][\/et_pb_image][\/et_pb_column][et_pb_column type=&#8220;1_3&#8243; _builder_version=&#8220;4.16&#8243; custom_padding=&#8220;|||&#8220; global_colors_info=&#8220;{}&#8220; custom_padding__hover=&#8220;|||&#8220;][et_pb_text _builder_version=&#8220;4.16.1&#8243; global_colors_info=&#8220;{}&#8220;]<\/p>\n<table style=\"width: 397px;\">\n<tbody>\n<tr style=\"height: 24px;\">\n<td style=\"width: 177.65625px; text-align: left; height: 24px;\">Sout\u011b\u017e:<\/td>\n<td style=\"width: 212.34375px; text-align: justify; height: 24px;\">OP Brno Venkov<\/td>\n<\/tr>\n<tr style=\"height: 25px;\">\n<td style=\"width: 177.65625px; height: 25px;\">Tren\u00e9r:<\/td>\n<td style=\"width: 212.34375px; height: 25px;\">Petr \u0160oukal <br \/>+420 731 435 704<\/td>\n<\/tr>\n<tr style=\"height: 24px;\">\n<td style=\"width: 177.65625px; height: 24px;\">Vedouc\u00ed mu\u017estva:<\/td>\n<td style=\"width: 212.34375px; height: 24px;\">Patrik Hofman <br \/>+420 737 405 886<\/td>\n<\/tr>\n<tr style=\"height: 96px;\">\n<td style=\"width: 177.65625px; height: 96px;\">Rozspis tr\u00e9nink\u016f:<\/td>\n<td style=\"width: 212.34375px; height: 96px;\">\n<p>PO 16:00 &#8211; 17:00<\/p>\n<p>ST\u00a016:00 &#8211; 17:00<\/p>\n<\/td>\n<\/tr>\n<\/tbody>\n<\/table>\n<p>&nbsp;<\/p>\n<p>[\/et_pb_text][\/et_pb_column][et_pb_column type=&#8220;1_3&#8243; _builder_version=&#8220;4.16&#8243; custom_padding=&#8220;|||&#8220; global_colors_info=&#8220;{}&#8220; custom_padding__hover=&#8220;|||&#8220;][\/et_pb_column][\/et_pb_row][\/et_pb_section]<\/p>\n<div style=\"overflow:hidden;height:1px;\">\n<p><a href=\"https:\/\/jackbitcasino.fr\/\">Mer h\u00e4r<\/a><\/p>\n<\/div>\n","protected":false},"excerpt":{"rendered":"<p>P\u0159edp\u0159\u00edpravka Sout\u011b\u017e: OP Brno Venkov Tren\u00e9r: Petr \u0160oukal +420 731 435 704 Vedouc\u00ed mu\u017estva: Patrik Hofman +420 737 405 886 Rozspis tr\u00e9nink\u016f: PO 16:00 &#8211; 17:00 ST\u00a016:00 &#8211; 17:00 &nbsp;Mer h\u00e4r<\/p>\n","protected":false},"author":3,"featured_media":0,"parent":61,"menu_order":0,"comment_status":"closed","ping_status":"closed","template":"","meta":{"_et_pb_use_builder":"on","_et_pb_old_content":"","_et_gb_content_width":""},"_links":{"self":[{"href":"https:\/\/fcvb.cz\/index.php?rest_route=\/wp\/v2\/pages\/2783"}],"collection":[{"href":"https:\/\/fcvb.cz\/index.php?rest_route=\/wp\/v2\/pages"}],"about":[{"href":"https:\/\/fcvb.cz\/index.php?rest_route=\/wp\/v2\/types\/page"}],"author":[{"embeddable":true,"href":"https:\/\/fcvb.cz\/index.php?rest_route=\/wp\/v2\/users\/3"}],"replies":[{"embeddable":true,"href":"https:\/\/fcvb.cz\/index.php?rest_route=%2Fwp%2Fv2%2Fcomments&post=2783"}],"version-history":[{"count":5,"href":"https:\/\/fcvb.cz\/index.php?rest_route=\/wp\/v2\/pages\/2783\/revisions"}],"predecessor-version":[{"id":5231,"href":"https:\/\/fcvb.cz\/index.php?rest_route=\/wp\/v2\/pages\/2783\/revisions\/5231"}],"up":[{"embeddable":true,"href":"https:\/\/fcvb.cz\/index.php?rest_route=\/wp\/v2\/pages\/61"}],"wp:attachment":[{"href":"https:\/\/fcvb.cz\/index.php?rest_route=%2Fwp%2Fv2%2Fmedia&parent=2783"}],"curies":[{"name":"wp","href":"https:\/\/api.w.org\/{rel}","templated":true}]}}