{"id":2793,"date":"2023-10-08T12:33:46","date_gmt":"2023-10-08T10:33:46","guid":{"rendered":"https:\/\/fcvb.cz\/?page_id=2793"},"modified":"2025-02-26T14:29:22","modified_gmt":"2025-02-26T13:29:22","slug":"muzi-a","status":"publish","type":"page","link":"https:\/\/fcvb.cz\/?page_id=2793","title":{"rendered":"Mu\u017ei A"},"content":{"rendered":"<p>[et_pb_section fb_built=&#8220;1&#8243; _builder_version=&#8220;4.16&#8243; use_background_color_gradient=&#8220;on&#8220; background_color_gradient_direction=&#8220;124deg&#8220; background_color_gradient_stops=&#8220;#050854 12%|#870d27 100%&#8220; background_color_gradient_start=&#8220;#050854&#8243; background_color_gradient_start_position=&#8220;12%&#8220; background_color_gradient_end=&#8220;#870d27&#8243; custom_padding=&#8220;0|0px|0|0px&#8220; global_colors_info=&#8220;{}&#8220;][et_pb_row _builder_version=&#8220;4.16&#8243; global_colors_info=&#8220;{}&#8220;][et_pb_column type=&#8220;4_4&#8243; _builder_version=&#8220;4.16.1&#8243; _module_preset=&#8220;default&#8220; global_colors_info=&#8220;{}&#8220;][et_pb_text _builder_version=&#8220;4.16.1&#8243; text_font=&#8220;||||||||&#8220; header_font=&#8220;Amiko|700|||||||&#8220; header_text_color=&#8220;#ffffff&#8220; header_font_size=&#8220;60px&#8220; header_line_height=&#8220;1.5em&#8220; header_2_font=&#8220;||||||||&#8220; header_3_font=&#8220;||||||||&#8220; header_4_font=&#8220;||||||||&#8220; header_5_font=&#8220;||||||||&#8220; header_6_font=&#8220;||||||||&#8220; background_size=&#8220;initial&#8220; background_position=&#8220;top_left&#8220; background_repeat=&#8220;repeat&#8220; custom_margin=&#8220;||20px|&#8220; locked=&#8220;off&#8220; global_colors_info=&#8220;{}&#8220;]<\/p>\n<h1 style=\"text-align: center;\">Mu\u017ei A<\/h1>\n<p>[\/et_pb_text][\/et_pb_column][\/et_pb_row][\/et_pb_section][et_pb_section fb_built=&#8220;1&#8243; module_id=&#8220;muzi_o_tymu&#8220; _builder_version=&#8220;4.16&#8243; custom_padding=&#8220;0|0px|0|0px&#8220; animation_style=&#8220;slide&#8220; animation_duration=&#8220;1450ms&#8220; animation_intensity_slide=&#8220;44%&#8220; animation_starting_opacity=&#8220;8%&#8220; global_colors_info=&#8220;{}&#8220;][et_pb_row column_structure=&#8220;1_3,1_3,1_3&#8243; module_id=&#8220;muzi_o_tymu&#8220; _builder_version=&#8220;4.16&#8243; module_alignment=&#8220;center&#8220; global_colors_info=&#8220;{}&#8220;][et_pb_column type=&#8220;1_3&#8243; _builder_version=&#8220;4.16&#8243; custom_padding=&#8220;|||&#8220; global_colors_info=&#8220;{}&#8220; custom_padding__hover=&#8220;|||&#8220;][et_pb_image src=&#8220;http:\/\/saraczepova.cz\/fotbal\/wp-content\/uploads\/2018\/09\/logo_nove.png&#8220; align_tablet=&#8220;center&#8220; align_phone=&#8220;center&#8220; align_last_edited=&#8220;on|desktop&#8220; _builder_version=&#8220;4.16&#8243; max_width=&#8220;82%&#8220; module_alignment=&#8220;right&#8220; global_colors_info=&#8220;{}&#8220;][\/et_pb_image][\/et_pb_column][et_pb_column type=&#8220;1_3&#8243; _builder_version=&#8220;4.16&#8243; custom_padding=&#8220;|||&#8220; global_colors_info=&#8220;{}&#8220; custom_padding__hover=&#8220;|||&#8220;][et_pb_text _builder_version=&#8220;4.16.1&#8243; global_colors_info=&#8220;{}&#8220;]<\/p>\n<table style=\"width: 397px;\">\n<tbody>\n<tr style=\"height: 24px;\">\n<td style=\"width: 177.65625px; text-align: left; height: 24px;\">Sout\u011b\u017e:<\/td>\n<td style=\"width: 212.34375px; text-align: justify; height: 24px;\">OP Brno Venkov<\/td>\n<\/tr>\n<tr style=\"height: 25px;\">\n<td style=\"width: 177.65625px; height: 25px;\">Tren\u00e9r:<\/td>\n<td style=\"width: 212.34375px; height: 25px;\">Tom\u00e1\u0161 Koupil<br \/>+420 776 552 515<\/td>\n<\/tr>\n<tr style=\"height: 24px;\">\n<td style=\"width: 177.65625px; height: 24px;\">Vedouc\u00ed mu\u017estva:<\/td>\n<td style=\"width: 212.34375px; height: 24px;\">Martin Ondri\u00e1\u0161<br \/>+420 731 543 418<\/td>\n<\/tr>\n<tr style=\"height: 96px;\">\n<td style=\"width: 177.65625px; height: 96px;\">Rozspis tr\u00e9nink\u016f:<\/td>\n<td style=\"width: 212.34375px; height: 96px;\">\n<p>\u00daT 18:00 &#8211; 19:30<a href=\"https:\/\/lekaren-slovenska24.com\/kamagra-100mg-kupit\/\">lekarenslovenska24<\/a><\/p>\n<p>\u010cT\u00a018:00 &#8211; 19:30<\/p>\n<\/td>\n<\/tr>\n<\/tbody>\n<\/table>\n<p>[\/et_pb_text][\/et_pb_column][et_pb_column type=&#8220;1_3&#8243; _builder_version=&#8220;4.16&#8243; custom_padding=&#8220;|||&#8220; global_colors_info=&#8220;{}&#8220; custom_padding__hover=&#8220;|||&#8220;][\/et_pb_column][\/et_pb_row][\/et_pb_section][et_pb_section fb_built=&#8220;1&#8243; _builder_version=&#8220;4.16.1&#8243; _module_preset=&#8220;default&#8220; global_colors_info=&#8220;{}&#8220;][et_pb_row column_structure=&#8220;1_2,1_2&#8243; _builder_version=&#8220;4.16.1&#8243; _module_preset=&#8220;default&#8220; max_width=&#8220;450px&#8220; global_colors_info=&#8220;{}&#8220;][et_pb_column type=&#8220;1_2&#8243; _builder_version=&#8220;4.16.1&#8243; _module_preset=&#8220;default&#8220; global_colors_info=&#8220;{}&#8220;][et_pb_button button_url=&#8220;https:\/\/www.fotbal.cz\/souteze\/turnaje\/zapas\/90458b17-46a3-4e87-b4a3-bfa241914f9b?programFilter-team-id=d4fb73e2-b931-4690-adc8-1063b263bf8f&#8220; url_new_window=&#8220;on&#8220; button_text=&#8220;Rozpis z\u00e1pas\u016f&#8220; button_alignment=&#8220;center&#8220; _builder_version=&#8220;4.16.1&#8243; _module_preset=&#8220;default&#8220; custom_button=&#8220;on&#8220; button_text_color=&#8220;#386599&#8243; button_border_color=&#8220;#386599&#8243; button_icon_color=&#8220;#386599&#8243; hover_enabled=&#8220;0&#8243; global_colors_info=&#8220;{}&#8220; sticky_enabled=&#8220;0&#8243;][\/et_pb_button][\/et_pb_column][et_pb_column type=&#8220;1_2&#8243; _builder_version=&#8220;4.16.1&#8243; _module_preset=&#8220;default&#8220; global_colors_info=&#8220;{}&#8220;][et_pb_button button_url=&#8220;https:\/\/www.fotbal.cz\/souteze\/turnaje\/table\/90458b17-46a3-4e87-b4a3-bfa241914f9b&#8220; url_new_window=&#8220;on&#8220; button_text=&#8220;Tabulka&#8220; button_alignment=&#8220;center&#8220; _builder_version=&#8220;4.16.1&#8243; _module_preset=&#8220;default&#8220; custom_button=&#8220;on&#8220; button_text_color=&#8220;#386599&#8243; button_border_color=&#8220;#386599&#8243; button_icon_color=&#8220;#386599&#8243; hover_enabled=&#8220;0&#8243; global_colors_info=&#8220;{}&#8220; sticky_enabled=&#8220;0&#8243;][\/et_pb_button][\/et_pb_column][\/et_pb_row][\/et_pb_section]<\/p>\n","protected":false},"excerpt":{"rendered":"<p>Mu\u017ei A Sout\u011b\u017e: OP Brno Venkov Tren\u00e9r: Tom\u00e1\u0161 Koupil+420 776 552 515 Vedouc\u00ed mu\u017estva: Martin Ondri\u00e1\u0161+420 731 543 418 Rozspis tr\u00e9nink\u016f: \u00daT 18:00 &#8211; 19:30lekarenslovenska24 \u010cT\u00a018:00 &#8211; 19:30<\/p>\n","protected":false},"author":3,"featured_media":0,"parent":61,"menu_order":0,"comment_status":"closed","ping_status":"closed","template":"","meta":{"_et_pb_use_builder":"on","_et_pb_old_content":"","_et_gb_content_width":""},"_links":{"self":[{"href":"https:\/\/fcvb.cz\/index.php?rest_route=\/wp\/v2\/pages\/2793"}],"collection":[{"href":"https:\/\/fcvb.cz\/index.php?rest_route=\/wp\/v2\/pages"}],"about":[{"href":"https:\/\/fcvb.cz\/index.php?rest_route=\/wp\/v2\/types\/page"}],"author":[{"embeddable":true,"href":"https:\/\/fcvb.cz\/index.php?rest_route=\/wp\/v2\/users\/3"}],"replies":[{"embeddable":true,"href":"https:\/\/fcvb.cz\/index.php?rest_route=%2Fwp%2Fv2%2Fcomments&post=2793"}],"version-history":[{"count":7,"href":"https:\/\/fcvb.cz\/index.php?rest_route=\/wp\/v2\/pages\/2793\/revisions"}],"predecessor-version":[{"id":5232,"href":"https:\/\/fcvb.cz\/index.php?rest_route=\/wp\/v2\/pages\/2793\/revisions\/5232"}],"up":[{"embeddable":true,"href":"https:\/\/fcvb.cz\/index.php?rest_route=\/wp\/v2\/pages\/61"}],"wp:attachment":[{"href":"https:\/\/fcvb.cz\/index.php?rest_route=%2Fwp%2Fv2%2Fmedia&parent=2793"}],"curies":[{"name":"wp","href":"https:\/\/api.w.org\/{rel}","templated":true}]}}