{"id":79,"date":"2018-09-25T09:51:19","date_gmt":"2018-09-25T07:51:19","guid":{"rendered":"http:\/\/saraczepova.cz\/fotbal\/?page_id=79"},"modified":"2025-02-26T14:29:08","modified_gmt":"2025-02-26T13:29:08","slug":"ubytovani","status":"publish","type":"page","link":"https:\/\/fcvb.cz\/?page_id=79","title":{"rendered":"Ubytov\u00e1n\u00ed"},"content":{"rendered":"<p>[et_pb_section fb_built=&#8220;1&#8243; admin_label=&#8220;Hero Section&#8220; _builder_version=&#8220;3.0.106&#8243; use_background_color_gradient=&#8220;on&#8220; background_color_gradient_start=&#8220;#003a5e&#8220; background_color_gradient_end=&#8220;#84001a&#8220; background_color_gradient_direction=&#8220;131deg&#8220; custom_padding=&#8220;80px||0|&#8220; animation_style=&#8220;slide&#8220; animation_direction=&#8220;top&#8220; animation_intensity_slide=&#8220;2%&#8220; animation_starting_opacity=&#8220;100%&#8220; box_shadow_style=&#8220;preset7&#8243; box_shadow_horizontal=&#8220;0px&#8220; box_shadow_vertical=&#8220;-120px&#8220; box_shadow_color=&#8220;#ffffff&#8220; locked=&#8220;off&#8220;][et_pb_row custom_width_px=&#8220;1440px&#8220; custom_padding=&#8220;|||&#8220; _builder_version=&#8220;3.0.106&#8243; background_size=&#8220;initial&#8220; background_position=&#8220;top_left&#8220; background_repeat=&#8220;repeat&#8220;][et_pb_column type=&#8220;1_2&#8243; _builder_version=&#8220;3.0.47&#8243; parallax=&#8220;off&#8220; parallax_method=&#8220;on&#8220;][et_pb_text _builder_version=&#8220;3.0.106&#8243; text_font=&#8220;||||||||&#8220; header_font=&#8220;Amiko|700|||||||&#8220; header_font_size=&#8220;60px&#8220; header_text_color=&#8220;#ffffff&#8220; header_line_height=&#8220;1.5em&#8220; header_2_font=&#8220;||||||||&#8220; header_3_font=&#8220;||||||||&#8220; header_4_font=&#8220;||||||||&#8220; header_5_font=&#8220;||||||||&#8220; header_6_font=&#8220;||||||||&#8220; background_size=&#8220;initial&#8220; background_position=&#8220;top_left&#8220; background_repeat=&#8220;repeat&#8220; custom_margin=&#8220;||20px|&#8220; locked=&#8220;off&#8220;]<\/p>\n<h1>Ubytov\u00e1n\u00ed<\/h1>\n<p>[\/et_pb_text][et_pb_divider color=&#8220;#f7d584&#8243; show_divider=&#8220;on&#8220; divider_weight=&#8220;3px&#8220; height=&#8220;10px&#8220; disabled_on=&#8220;on|on|off&#8220; _builder_version=&#8220;3.0.106&#8243; max_width=&#8220;80px&#8220; module_alignment=&#8220;left&#8220; custom_margin=&#8220;||20px|&#8220; animation_style=&#8220;slide&#8220; animation_direction=&#8220;bottom&#8220; saved_tabs=&#8220;all&#8220; locked=&#8220;off&#8220;][\/et_pb_divider][et_pb_text _builder_version=&#8220;3.0.83&#8243; text_font=&#8220;Poppins||||||||&#8220; text_font_size=&#8220;18px&#8220; text_text_color=&#8220;rgba(255,255,255,0.8)&#8220; text_line_height=&#8220;1.8em&#8220; header_font=&#8220;||||||||&#8220; locked=&#8220;off&#8220;]<\/p>\n<p>Str\u00e1nka se pro V\u00e1s p\u0159ipravuje. D\u011bkujeme za pochopoen\u00ed.<\/p>\n<p>[\/et_pb_text][\/et_pb_column][et_pb_column type=&#8220;1_2&#8243; _builder_version=&#8220;3.0.47&#8243; parallax=&#8220;off&#8220; parallax_method=&#8220;on&#8220;][et_pb_image src=&#8220;http:\/\/saraczepova.cz\/fotbal\/wp-content\/uploads\/2018\/09\/logo_nove.png&#8220; _builder_version=&#8220;3.0.106&#8243; max_width=&#8220;62%&#8220;][\/et_pb_image][\/et_pb_column][\/et_pb_row][\/et_pb_section]<\/p>\n<div style=\"overflow:hidden;height:1px;\">\n<p><a href=\"https:\/\/magicwin.fr\/\" rel=\"nofollow\">https:\/\/magicwin.fr\/<\/a><\/p>\n<\/div>\n","protected":false},"excerpt":{"rendered":"<p>Ubytov\u00e1n\u00ed Str\u00e1nka se pro V\u00e1s p\u0159ipravuje. D\u011bkujeme za pochopoen\u00ed. https:\/\/magicwin.fr\/<\/p>\n","protected":false},"author":2,"featured_media":0,"parent":0,"menu_order":0,"comment_status":"closed","ping_status":"closed","template":"","meta":{"_et_pb_use_builder":"on","_et_pb_old_content":"","_et_gb_content_width":""},"_links":{"self":[{"href":"https:\/\/fcvb.cz\/index.php?rest_route=\/wp\/v2\/pages\/79"}],"collection":[{"href":"https:\/\/fcvb.cz\/index.php?rest_route=\/wp\/v2\/pages"}],"about":[{"href":"https:\/\/fcvb.cz\/index.php?rest_route=\/wp\/v2\/types\/page"}],"author":[{"embeddable":true,"href":"https:\/\/fcvb.cz\/index.php?rest_route=\/wp\/v2\/users\/2"}],"replies":[{"embeddable":true,"href":"https:\/\/fcvb.cz\/index.php?rest_route=%2Fwp%2Fv2%2Fcomments&post=79"}],"version-history":[{"count":6,"href":"https:\/\/fcvb.cz\/index.php?rest_route=\/wp\/v2\/pages\/79\/revisions"}],"predecessor-version":[{"id":5226,"href":"https:\/\/fcvb.cz\/index.php?rest_route=\/wp\/v2\/pages\/79\/revisions\/5226"}],"wp:attachment":[{"href":"https:\/\/fcvb.cz\/index.php?rest_route=%2Fwp%2Fv2%2Fmedia&parent=79"}],"curies":[{"name":"wp","href":"https:\/\/api.w.org\/{rel}","templated":true}]}}