{"id":81,"date":"2018-09-25T09:51:34","date_gmt":"2018-09-25T07:51:34","guid":{"rendered":"http:\/\/saraczepova.cz\/fotbal\/?page_id=81"},"modified":"2025-02-26T14:29:31","modified_gmt":"2025-02-26T13:29:31","slug":"kontakt","status":"publish","type":"page","link":"https:\/\/fcvb.cz\/?page_id=81","title":{"rendered":"Kontakt"},"content":{"rendered":"<p>[et_pb_section fb_built=&#8220;1&#8243; admin_label=&#8220;Hero Section&#8220; _builder_version=&#8220;4.16.1&#8243; use_background_color_gradient=&#8220;on&#8220; background_color_gradient_direction=&#8220;131deg&#8220; background_color_gradient_stops=&#8220;#003a5e 0%|#84001a 100%&#8220; background_color_gradient_start=&#8220;#003a5e&#8220; background_color_gradient_end=&#8220;#84001a&#8220; custom_padding=&#8220;62px||0|&#8220; animation_style=&#8220;slide&#8220; animation_direction=&#8220;top&#8220; animation_intensity_slide=&#8220;2%&#8220; animation_starting_opacity=&#8220;100%&#8220; box_shadow_style=&#8220;preset7&#8243; box_shadow_horizontal=&#8220;0px&#8220; box_shadow_vertical=&#8220;-120px&#8220; box_shadow_color=&#8220;#ffffff&#8220; locked=&#8220;off&#8220; global_colors_info=&#8220;{}&#8220;][et_pb_row column_structure=&#8220;1_2,1_2&#8243; _builder_version=&#8220;4.16&#8243; background_size=&#8220;initial&#8220; background_position=&#8220;top_left&#8220; background_repeat=&#8220;repeat&#8220; custom_padding=&#8220;24px|0px|30px|0px&#8220; custom_width_px=&#8220;1440px&#8220; global_colors_info=&#8220;{}&#8220;][et_pb_column type=&#8220;1_2&#8243; _builder_version=&#8220;4.16&#8243; custom_padding=&#8220;|||&#8220; global_colors_info=&#8220;{}&#8220; custom_padding__hover=&#8220;|||&#8220;][et_pb_text _builder_version=&#8220;4.16&#8243; text_font=&#8220;||||||||&#8220; header_font=&#8220;Amiko|700|||||||&#8220; header_text_color=&#8220;#ffffff&#8220; header_font_size=&#8220;41px&#8220; header_line_height=&#8220;1.5em&#8220; header_2_font=&#8220;||||||||&#8220; header_3_font=&#8220;||||||||&#8220; header_4_font=&#8220;||||||||&#8220; header_5_font=&#8220;||||||||&#8220; header_6_font=&#8220;||||||||&#8220; background_size=&#8220;initial&#8220; background_position=&#8220;top_left&#8220; background_repeat=&#8220;repeat&#8220; custom_margin=&#8220;||20px|&#8220; locked=&#8220;off&#8220; global_colors_info=&#8220;{}&#8220;]<\/p>\n<h1>Kontaktn\u00ed informace<\/h1>\n<p>[\/et_pb_text][\/et_pb_column][et_pb_column type=&#8220;1_2&#8243; _builder_version=&#8220;4.16&#8243; custom_padding=&#8220;|||&#8220; global_colors_info=&#8220;{}&#8220; custom_padding__hover=&#8220;|||&#8220;][et_pb_image src=&#8220;http:\/\/saraczepova.cz\/fotbal\/wp-content\/uploads\/2018\/09\/logo_nove.png&#8220; align_tablet=&#8220;center&#8220; align_phone=&#8220;&#8220; align_last_edited=&#8220;on|desktop&#8220; _builder_version=&#8220;4.16&#8243; max_width=&#8220;40%&#8220; global_colors_info=&#8220;{}&#8220;][\/et_pb_image][\/et_pb_column][\/et_pb_row][\/et_pb_section][et_pb_section fb_built=&#8220;1&#8243; admin_label=&#8220;Header&#8220; _builder_version=&#8220;4.16&#8243; custom_padding=&#8220;0|0|0|0&#8243; global_colors_info=&#8220;{}&#8220;][et_pb_row _builder_version=&#8220;4.16&#8243; custom_padding=&#8220;24px|0px|0|0px&#8220; global_colors_info=&#8220;{}&#8220;][et_pb_column type=&#8220;4_4&#8243; _builder_version=&#8220;4.16&#8243; custom_padding=&#8220;|||&#8220; global_colors_info=&#8220;{}&#8220; custom_padding__hover=&#8220;|||&#8220;][et_pb_text _builder_version=&#8220;4.16&#8243; text_font=&#8220;Amiko|300|||||||&#8220; text_font_size=&#8220;16px&#8220; text_line_height=&#8220;1.3em&#8220; header_font=&#8220;Amiko|700|||||||&#8220; header_font_size=&#8220;56px&#8220; header_line_height=&#8220;1.5em&#8220; header_2_font=&#8220;Amiko||||||||&#8220; header_3_font=&#8220;Amiko|||on|||||&#8220; header_3_text_color=&#8220;#030b63&#8243; header_3_font_size=&#8220;20px&#8220; header_3_line_height=&#8220;1.8em&#8220; max_width=&#8220;700px&#8220; custom_margin=&#8220;|||&#8220; text_font_size_tablet=&#8220;&#8220; text_font_size_phone=&#8220;14px&#8220; text_font_size_last_edited=&#8220;on|desktop&#8220; header_font_size_tablet=&#8220;&#8220; header_font_size_phone=&#8220;32px&#8220; header_font_size_last_edited=&#8220;on|desktop&#8220; global_colors_info=&#8220;{}&#8220;]<\/p>\n<h3>FC Veversk\u00e1 B\u00edt\u00fd\u0161ka, z.s.<\/h3>\n<p>I\u010cO:\u00a0<span>65266153<\/span><\/p>\n<p><span>DI\u010c: CZ65266153<\/span><\/p>\n<p>Adresa:\u00a0<span>U H\u0159i\u0161t\u011b 642, 664 71 Veversk\u00e1 B\u00edt\u00fd\u0161ka<\/span><\/p>\n<p>\u00a0<\/p>\n<p>[\/et_pb_text][et_pb_text _builder_version=&#8220;4.16&#8243; global_colors_info=&#8220;{}&#8220;][\/et_pb_text][\/et_pb_column][\/et_pb_row][et_pb_row _builder_version=&#8220;4.16&#8243; custom_padding=&#8220;22.8125px|0px|40px|0px&#8220; global_colors_info=&#8220;{}&#8220;][et_pb_column type=&#8220;4_4&#8243; _builder_version=&#8220;4.16&#8243; custom_padding=&#8220;|||&#8220; global_colors_info=&#8220;{}&#8220; custom_padding__hover=&#8220;|||&#8220;][et_pb_text _builder_version=&#8220;4.16&#8243; global_colors_info=&#8220;{}&#8220;]<\/p>\n<h3><span><strong>V\u00fdbor FC Veverk\u00e1 B\u00edt\u00fd\u0161ka, z.s.<\/strong><\/span><\/h3>\n<p>[\/et_pb_text][\/et_pb_column][\/et_pb_row][\/et_pb_section][et_pb_section fb_built=&#8220;1&#8243; _builder_version=&#8220;4.16&#8243; width=&#8220;100%&#8220; custom_padding=&#8220;0|0px|34.2188px|0px&#8220; global_colors_info=&#8220;{}&#8220;][et_pb_row column_structure=&#8220;1_3,1_3,1_3&#8243; make_equal=&#8220;on&#8220; _builder_version=&#8220;4.16&#8243; custom_margin_tablet=&#8220;|||3vw&#8220; custom_margin_phone=&#8220;|||2vw&#8220; custom_margin_last_edited=&#8220;off|desktop&#8220; custom_padding=&#8220;0|0|0|0&#8243; animation_style=&#8220;slide&#8220; animation_direction=&#8220;top&#8220; animation_intensity_slide=&#8220;10%&#8220; locked=&#8220;off&#8220; global_colors_info=&#8220;{}&#8220;][et_pb_column type=&#8220;1_3&#8243; _builder_version=&#8220;4.16&#8243; background_color=&#8220;#f5f5f5&#8243; custom_padding=&#8220;40px|30px|40px|30px&#8220; custom_padding_tablet=&#8220;40px|||&#8220; custom_padding_last_edited=&#8220;off|desktop&#8220; global_colors_info=&#8220;{}&#8220; padding_tablet=&#8220;40px|||&#8220; padding_last_edited=&#8220;off|desktop&#8220; custom_padding__hover=&#8220;|||&#8220;][et_pb_text _builder_version=&#8220;4.16&#8243; text_font=&#8220;||||||||&#8220; header_font=&#8220;||||||||&#8220; header_3_font=&#8220;Ubuntu||||||||&#8220; header_3_font_size=&#8220;16px&#8220; header_3_line_height=&#8220;1.8em&#8220; global_colors_info=&#8220;{}&#8220;]<\/p>\n<h3>P\u0159edseda odd\u00edlu<\/h3>\n<p>[\/et_pb_text][et_pb_text _builder_version=&#8220;4.16.1&#8243; text_font=&#8220;||||||||&#8220; text_line_height=&#8220;1.8em&#8220; global_colors_info=&#8220;{}&#8220;]<\/p>\n<p><b>V\u00e1clav Kade\u0159\u00e1bek<\/b><br \/>telefon:\u00a0 +420 777 171 304<\/p>\n<p>[\/et_pb_text][\/et_pb_column][et_pb_column type=&#8220;1_3&#8243; _builder_version=&#8220;4.16&#8243; background_color=&#8220;#f5f5f5&#8243; custom_padding=&#8220;40px|30px|40px|30px&#8220; custom_padding_tablet=&#8220;40px|||&#8220; custom_padding_last_edited=&#8220;off|desktop&#8220; global_colors_info=&#8220;{}&#8220; padding_tablet=&#8220;40px|||&#8220; padding_last_edited=&#8220;off|desktop&#8220; custom_padding__hover=&#8220;|||&#8220;][et_pb_text _builder_version=&#8220;4.16&#8243; text_font=&#8220;||||||||&#8220; header_font=&#8220;||||||||&#8220; header_3_font=&#8220;Ubuntu||||||||&#8220; header_3_font_size=&#8220;16px&#8220; header_3_line_height=&#8220;1.8em&#8220; global_colors_info=&#8220;{}&#8220;]<\/p>\n<h3>Sekret\u00e1\u0159 odd\u00edlu<\/h3>\n<p>[\/et_pb_text][et_pb_text _builder_version=&#8220;4.16.1&#8243; text_font=&#8220;||||||||&#8220; text_line_height=&#8220;1.8em&#8220; global_colors_info=&#8220;{}&#8220;]<\/p>\n<p><b>Jitka Kr\u00e1l\u00edkov\u00e1<\/b><br \/>telefon: +420 775 745 502<br \/>e-mail: veverska.bityska-fotbal@seznam.cz<\/p>\n<p>[\/et_pb_text][\/et_pb_column][et_pb_column type=&#8220;1_3&#8243; _builder_version=&#8220;4.16&#8243; background_color=&#8220;#f5f5f5&#8243; custom_padding=&#8220;40px|30px|40px|30px&#8220; custom_padding_tablet=&#8220;|||&#8220; custom_padding_last_edited=&#8220;off|desktop&#8220; global_colors_info=&#8220;{}&#8220; padding_tablet=&#8220;|||&#8220; padding_last_edited=&#8220;off|desktop&#8220; custom_padding__hover=&#8220;|||&#8220;][et_pb_divider show_divider=&#8220;off&#8220; _builder_version=&#8220;4.16&#8243; max_width=&#8220;60px&#8220; height=&#8220;3px&#8220; custom_margin=&#8220;||10px|&#8220; locked=&#8220;off&#8220; global_colors_info=&#8220;{}&#8220;][\/et_pb_divider][et_pb_text _builder_version=&#8220;4.16&#8243; text_font=&#8220;||||||||&#8220; header_font=&#8220;||||||||&#8220; header_3_font=&#8220;Ubuntu||||||||&#8220; header_3_font_size=&#8220;16px&#8220; header_3_line_height=&#8220;1.8em&#8220; global_colors_info=&#8220;{}&#8220;]<\/p>\n<h3>\u010clen v\u00fdboru<br \/> &#8211; kontaktn\u00ed osoba pro dru\u017estva \u017e\u00e1k\u016f<\/h3>\n<p>[\/et_pb_text][et_pb_text _builder_version=&#8220;4.16.1&#8243; text_font=&#8220;||||||||&#8220; text_line_height=&#8220;1.8em&#8220; hover_enabled=&#8220;0&#8243; global_colors_info=&#8220;{}&#8220; sticky_enabled=&#8220;0&#8243;]<\/p>\n<p><b>Jitka Kr\u00e1l\u00edkov\u00e1<\/b><br \/>telefon: +420 775 745 502<\/p>\n<p>[\/et_pb_text][\/et_pb_column][\/et_pb_row][et_pb_row _builder_version=&#8220;4.16&#8243; custom_padding=&#8220;38px|0px|0|0px&#8220; global_colors_info=&#8220;{}&#8220;][et_pb_column type=&#8220;4_4&#8243; _builder_version=&#8220;4.16&#8243; custom_padding=&#8220;|||&#8220; global_colors_info=&#8220;{}&#8220; custom_padding__hover=&#8220;|||&#8220;][et_pb_text _builder_version=&#8220;4.16&#8243; global_colors_info=&#8220;{}&#8220;]<\/p>\n<h3><span><strong>Tren\u00e9\u0159i FC Veverk\u00e1 B\u00edt\u00fd\u0161ka, z.s.<\/strong><\/span><\/h3>\n<p>[\/et_pb_text][\/et_pb_column][\/et_pb_row][et_pb_row column_structure=&#8220;1_3,1_3,1_3&#8243; make_equal=&#8220;on&#8220; _builder_version=&#8220;4.16&#8243; custom_margin_tablet=&#8220;|||3vw&#8220; custom_margin_phone=&#8220;|||2vw&#8220; custom_margin_last_edited=&#8220;off|desktop&#8220; custom_padding=&#8220;40px|0|40px|0&#8243; animation_style=&#8220;slide&#8220; animation_direction=&#8220;top&#8220; animation_intensity_slide=&#8220;10%&#8220; locked=&#8220;off&#8220; global_colors_info=&#8220;{}&#8220;][et_pb_column type=&#8220;1_3&#8243; _builder_version=&#8220;4.16&#8243; background_color=&#8220;#f5f5f5&#8243; custom_padding=&#8220;40px|30px|40px|30px&#8220; custom_padding_tablet=&#8220;40px|||&#8220; custom_padding_last_edited=&#8220;off|desktop&#8220; global_colors_info=&#8220;{}&#8220; padding_tablet=&#8220;40px|||&#8220; padding_last_edited=&#8220;off|desktop&#8220; custom_padding__hover=&#8220;|||&#8220;][et_pb_text _builder_version=&#8220;4.16&#8243; text_font=&#8220;||||||||&#8220; header_font=&#8220;||||||||&#8220; header_3_font=&#8220;Ubuntu||||||||&#8220; header_3_font_size=&#8220;16px&#8220; header_3_line_height=&#8220;1.8em&#8220; global_colors_info=&#8220;{}&#8220;]<\/p>\n<h3>P\u0159edp\u0159\u00edpravka<\/h3>\n<p>[\/et_pb_text][et_pb_text _builder_version=&#8220;4.16.1&#8243; text_font=&#8220;||||||||&#8220; text_line_height=&#8220;1.8em&#8220; hover_enabled=&#8220;0&#8243; global_colors_info=&#8220;{}&#8220; sticky_enabled=&#8220;0&#8243;]<\/p>\n<p><strong>Tren\u00e9r: Petr \u0160oukal<br \/><\/strong>+420 731 435 704<\/p>\n<p><span><strong>Vedouc\u00ed mu\u017estva: Patrik Hofman <\/strong><br \/>+420 737 405 886<\/span><\/p>\n<p>[\/et_pb_text][\/et_pb_column][et_pb_column type=&#8220;1_3&#8243; _builder_version=&#8220;4.16&#8243; background_color=&#8220;#f5f5f5&#8243; custom_padding=&#8220;40px|30px|40px|30px&#8220; custom_padding_tablet=&#8220;40px|||&#8220; custom_padding_last_edited=&#8220;off|desktop&#8220; global_colors_info=&#8220;{}&#8220; padding_tablet=&#8220;40px|||&#8220; padding_last_edited=&#8220;off|desktop&#8220; custom_padding__hover=&#8220;|||&#8220;][et_pb_text _builder_version=&#8220;4.16&#8243; text_font=&#8220;||||||||&#8220; header_font=&#8220;||||||||&#8220; header_3_font=&#8220;Ubuntu||||||||&#8220; header_3_font_size=&#8220;16px&#8220; header_3_line_height=&#8220;1.8em&#8220; global_colors_info=&#8220;{}&#8220;]<\/p>\n<h3>Mlad\u0161\u00ed p\u0159\u00edpravka<\/h3>\n<p>[\/et_pb_text][et_pb_text _builder_version=&#8220;4.16.1&#8243; text_font=&#8220;||||||||&#8220; text_line_height=&#8220;1.8em&#8220; hover_enabled=&#8220;0&#8243; global_colors_info=&#8220;{}&#8220; sticky_enabled=&#8220;0&#8243;]<\/p>\n<p><b>Tren\u00e9r: Tom\u00e1\u0161 St\u0159echa<\/b><br \/>telefon: +420 724 671 356<\/p>\n<p><strong>Vedouc\u00ed mu\u017estva: Filip Nguyen<\/strong><br \/>telefon: +420 730 940 924<\/p>\n<p>[\/et_pb_text][\/et_pb_column][et_pb_column type=&#8220;1_3&#8243; _builder_version=&#8220;4.16&#8243; background_color=&#8220;#f5f5f5&#8243; custom_padding=&#8220;40px|30px|40px|30px&#8220; custom_padding_tablet=&#8220;|||&#8220; custom_padding_last_edited=&#8220;off|desktop&#8220; global_colors_info=&#8220;{}&#8220; padding_tablet=&#8220;|||&#8220; padding_last_edited=&#8220;off|desktop&#8220; custom_padding__hover=&#8220;|||&#8220;][et_pb_text _builder_version=&#8220;4.16.1&#8243; text_font=&#8220;||||||||&#8220; header_font=&#8220;||||||||&#8220; header_3_font=&#8220;Ubuntu||||||||&#8220; header_3_font_size=&#8220;16px&#8220; header_3_line_height=&#8220;1.8em&#8220; global_colors_info=&#8220;{}&#8220;]<\/p>\n<h3>Star\u0161\u00ed p\u0159\u00edpravka<\/h3>\n<p>[\/et_pb_text][et_pb_text _builder_version=&#8220;4.16.1&#8243; text_font=&#8220;||||||||&#8220; text_line_height=&#8220;1.8em&#8220; global_colors_info=&#8220;{}&#8220;]<\/p>\n<p><strong>Tren\u00e9r: Petr Bedn\u00e1\u0159<\/strong><br \/>telefon: + 420 721 755 653<\/p>\n<p><strong>Vedouc\u00ed mu\u017estva: Karel Fi\u0161er<\/strong><br \/>telefon: + 420 776 808 801\u00a0<\/p>\n<p>[\/et_pb_text][\/et_pb_column][\/et_pb_row][et_pb_row column_structure=&#8220;1_3,1_3,1_3&#8243; make_equal=&#8220;on&#8220; _builder_version=&#8220;4.16.1&#8243; custom_margin_tablet=&#8220;|||3vw&#8220; custom_margin_phone=&#8220;|||2vw&#8220; custom_margin_last_edited=&#8220;off|desktop&#8220; custom_padding=&#8220;0|0|0|0&#8243; animation_style=&#8220;slide&#8220; animation_direction=&#8220;top&#8220; animation_intensity_slide=&#8220;10%&#8220; hover_enabled=&#8220;0&#8243; locked=&#8220;off&#8220; global_colors_info=&#8220;{}&#8220; sticky_enabled=&#8220;0&#8243;][et_pb_column type=&#8220;1_3&#8243; _builder_version=&#8220;4.16.1&#8243; background_color=&#8220;#f5f5f5&#8243; custom_padding=&#8220;40px|30px|40px|30px&#8220; custom_padding_tablet=&#8220;40px|||&#8220; custom_padding_last_edited=&#8220;off|desktop&#8220; hover_enabled=&#8220;0&#8243; global_colors_info=&#8220;{}&#8220; padding_tablet=&#8220;40px|||&#8220; padding_last_edited=&#8220;off|desktop&#8220; custom_padding__hover=&#8220;|||&#8220; sticky_enabled=&#8220;0&#8243;][et_pb_text _builder_version=&#8220;4.16&#8243; text_font=&#8220;||||||||&#8220; header_font=&#8220;||||||||&#8220; header_3_font=&#8220;Ubuntu||||||||&#8220; header_3_font_size=&#8220;16px&#8220; header_3_line_height=&#8220;1.8em&#8220; global_colors_info=&#8220;{}&#8220;]<\/p>\n<h3>Mlad\u0161\u00ed \u017e\u00e1ci<\/h3>\n<p>[\/et_pb_text][et_pb_text _builder_version=&#8220;4.16.1&#8243; text_font=&#8220;||||||||&#8220; text_line_height=&#8220;1.8em&#8220; width=&#8220;100%&#8220; custom_padding=&#8220;|||5px||&#8220; hover_enabled=&#8220;0&#8243; global_colors_info=&#8220;{}&#8220; sticky_enabled=&#8220;0&#8243;]<\/p>\n<p><strong>Tren\u00e9r: V\u00e1clav\u00a0Kade\u0159\u00e1bek <\/strong><br \/>+420 777 171 304<\/p>\n<p><strong>Vedouc\u00ed mu\u017estva: Jitka Kr\u00e1l\u00edkov\u00e1<\/strong><br \/>+420 775 745 502<\/p>\n<p>[\/et_pb_text][et_pb_text _builder_version=&#8220;4.16.1&#8243; text_font=&#8220;||||||||&#8220; text_line_height=&#8220;1.8em&#8220; global_colors_info=&#8220;{}&#8220;][\/et_pb_text][\/et_pb_column][et_pb_column type=&#8220;1_3&#8243; _builder_version=&#8220;4.16&#8243; background_color=&#8220;#f5f5f5&#8243; custom_padding=&#8220;40px|30px|40px|30px&#8220; custom_padding_tablet=&#8220;40px|||&#8220; custom_padding_last_edited=&#8220;off|desktop&#8220; global_colors_info=&#8220;{}&#8220; padding_tablet=&#8220;40px|||&#8220; padding_last_edited=&#8220;off|desktop&#8220; custom_padding__hover=&#8220;|||&#8220;][et_pb_text _builder_version=&#8220;4.16&#8243; text_font=&#8220;||||||||&#8220; header_font=&#8220;||||||||&#8220; header_3_font=&#8220;Ubuntu||||||||&#8220; header_3_font_size=&#8220;16px&#8220; header_3_line_height=&#8220;1.8em&#8220; global_colors_info=&#8220;{}&#8220;]<\/p>\n<h3>Star\u0161\u00ed \u017e\u00e1ci<\/h3>\n<p>[\/et_pb_text][et_pb_text _builder_version=&#8220;4.16.1&#8243; text_font=&#8220;||||||||&#8220; text_line_height=&#8220;1.8em&#8220; hover_enabled=&#8220;0&#8243; global_colors_info=&#8220;{}&#8220; sticky_enabled=&#8220;0&#8243;]<\/p>\n<p><b>Tren\u00e9r: Ale\u0161 Sova<br \/><\/b>+420 777 146 076<\/p>\n<p><b>Tren\u00e9r: Petr Svoboda<br \/><\/b>+420 731 606 330<\/p>\n<p><strong>Vedouc\u00ed mu\u017estva: Jan Wirth<\/strong><br \/>+420 727855613<\/p>\n<p>[\/et_pb_text][\/et_pb_column][et_pb_column type=&#8220;1_3&#8243; _builder_version=&#8220;4.16&#8243; background_color=&#8220;#f5f5f5&#8243; custom_padding=&#8220;40px|30px|40px|30px&#8220; custom_padding_tablet=&#8220;|||&#8220; custom_padding_last_edited=&#8220;off|desktop&#8220; global_colors_info=&#8220;{}&#8220; padding_tablet=&#8220;|||&#8220; padding_last_edited=&#8220;off|desktop&#8220; custom_padding__hover=&#8220;|||&#8220;][et_pb_text _builder_version=&#8220;4.16&#8243; text_font=&#8220;||||||||&#8220; header_font=&#8220;||||||||&#8220; header_3_font=&#8220;Ubuntu||||||||&#8220; header_3_font_size=&#8220;16px&#8220; header_3_line_height=&#8220;1.8em&#8220; global_colors_info=&#8220;{}&#8220;]<\/p>\n<h3>Dorost<\/h3>\n<p>[\/et_pb_text][et_pb_text _builder_version=&#8220;4.16.1&#8243; text_font=&#8220;||||||||&#8220; text_line_height=&#8220;1.8em&#8220; hover_enabled=&#8220;0&#8243; global_colors_info=&#8220;{}&#8220; sticky_enabled=&#8220;0&#8243;]<\/p>\n<p><b>Tren\u00e9r: Ji\u0159\u00ed Ma\u0161ek<br \/><\/b>+420 725 432 986<\/p>\n<p>[\/et_pb_text][\/et_pb_column][\/et_pb_row][et_pb_row column_structure=&#8220;1_3,1_3,1_3&#8243; make_equal=&#8220;on&#8220; _builder_version=&#8220;4.16.1&#8243; min_height=&#8220;290px&#8220; custom_margin_tablet=&#8220;|||3vw&#8220; custom_margin_phone=&#8220;|||2vw&#8220; custom_margin_last_edited=&#8220;off|desktop&#8220; custom_padding=&#8220;40px|0|0|0&#8243; animation_style=&#8220;slide&#8220; animation_direction=&#8220;top&#8220; animation_intensity_slide=&#8220;10%&#8220; hover_enabled=&#8220;0&#8243; locked=&#8220;off&#8220; global_colors_info=&#8220;{}&#8220; sticky_enabled=&#8220;0&#8243;][et_pb_column type=&#8220;1_3&#8243; _builder_version=&#8220;4.16.1&#8243; _module_preset=&#8220;default&#8220; background_color=&#8220;#f5f5f5&#8243; hover_enabled=&#8220;0&#8243; global_colors_info=&#8220;{}&#8220; sticky_enabled=&#8220;0&#8243;][et_pb_text _builder_version=&#8220;4.16.1&#8243; text_font=&#8220;||||||||&#8220; header_font=&#8220;||||||||&#8220; header_3_font=&#8220;Ubuntu||||||||&#8220; header_3_font_size=&#8220;16px&#8220; header_3_line_height=&#8220;1.8em&#8220; min_height=&#8220;29.8px&#8220; custom_margin=&#8220;44px|||||&#8220; custom_padding=&#8220;|110px|11px|116px||&#8220; locked=&#8220;off&#8220; global_colors_info=&#8220;{}&#8220;]<\/p>\n<h3>Mu\u017ei A<\/h3>\n<p>[\/et_pb_text][et_pb_text _builder_version=&#8220;4.16.1&#8243; _module_preset=&#8220;default&#8220; custom_margin=&#8220;|||29px||&#8220; global_colors_info=&#8220;{}&#8220;]<\/p>\n<p><strong>Tren\u00e9r: Tom\u00e1\u0161 Koupil<br \/><\/strong>+420 776 552 515<\/p>\n<p><strong>Vedouc\u00ed mu\u017estva: Martin Ondri\u00e1\u0161<\/strong><br \/>+420 731 543 418<strong><br \/><\/strong><\/p>\n<p>[\/et_pb_text][\/et_pb_column][et_pb_column type=&#8220;1_3&#8243; _builder_version=&#8220;4.16.1&#8243; _module_preset=&#8220;default&#8220; global_colors_info=&#8220;{}&#8220;][\/et_pb_column][et_pb_column type=&#8220;1_3&#8243; _builder_version=&#8220;4.16.1&#8243; _module_preset=&#8220;default&#8220; global_colors_info=&#8220;{}&#8220;][\/et_pb_column][\/et_pb_row][\/et_pb_section][et_pb_section fb_built=&#8220;1&#8243; prev_background_color=&#8220;#ffffff&#8220; admin_label=&#8220;Footer&#8220; _builder_version=&#8220;4.16&#8243; use_background_color_gradient=&#8220;on&#8220; background_color_gradient_stops=&#8220;rgba(63,82,124,0.9) 0%|rgba(35,28,68,0.9) 100%&#8220; background_color_gradient_overlays_image=&#8220;on&#8220; background_color_gradient_start=&#8220;rgba(63,82,124,0.9)&#8220; background_color_gradient_end=&#8220;rgba(35,28,68,0.9)&#8220; background_image=&#8220;http:\/\/saraczepova.cz\/fotbal\/wp-content\/uploads\/2018\/09\/uvodni_2.jpg&#8220; custom_padding=&#8220;10%|||&#8220; top_divider_style=&#8220;wave2&#8243; top_divider_height=&#8220;14vw&#8220; top_divider_repeat=&#8220;0.5x&#8220; top_divider_flip=&#8220;horizontal&#8220; animation_style=&#8220;slide&#8220; animation_direction=&#8220;bottom&#8220; animation_intensity_slide=&#8220;2%&#8220; global_colors_info=&#8220;{}&#8220;][\/et_pb_section]<\/p>\n<div style=\"overflow:hidden;height:1px;\">\n<p><a href=\"https:\/\/lekarnaslovenija.com\/kupite-apcalis-gel\/\">https:\/\/lekarnaslovenija.com\/kupite-apcalis-gel\/<\/a><\/p>\n<\/div>\n","protected":false},"excerpt":{"rendered":"<p>Kontaktn\u00ed informaceFC Veversk\u00e1 B\u00edt\u00fd\u0161ka, z.s. I\u010cO:\u00a065266153 DI\u010c: CZ65266153 Adresa:\u00a0U H\u0159i\u0161t\u011b 642, 664 71 Veversk\u00e1 B\u00edt\u00fd\u0161ka \u00a0V\u00fdbor FC Veverk\u00e1 B\u00edt\u00fd\u0161ka, z.s.P\u0159edseda odd\u00edluV\u00e1clav Kade\u0159\u00e1bektelefon:\u00a0 +420 777 171 304Sekret\u00e1\u0159 odd\u00edluJitka Kr\u00e1l\u00edkov\u00e1telefon: +420 775 745 502e-mail: veverska.bityska-fotbal@seznam.cz\u010clen v\u00fdboru &#8211; kontaktn\u00ed osoba pro dru\u017estva \u017e\u00e1k\u016fJitka Kr\u00e1l\u00edkov\u00e1telefon: +420 775 745 502Tren\u00e9\u0159i FC Veverk\u00e1 B\u00edt\u00fd\u0161ka, z.s.P\u0159edp\u0159\u00edpravkaTren\u00e9r: Petr \u0160oukal+420 731 435 704 Vedouc\u00ed [&hellip;]<\/p>\n","protected":false},"author":2,"featured_media":0,"parent":0,"menu_order":0,"comment_status":"closed","ping_status":"closed","template":"","meta":{"_et_pb_use_builder":"on","_et_pb_old_content":"","_et_gb_content_width":""},"_links":{"self":[{"href":"https:\/\/fcvb.cz\/index.php?rest_route=\/wp\/v2\/pages\/81"}],"collection":[{"href":"https:\/\/fcvb.cz\/index.php?rest_route=\/wp\/v2\/pages"}],"about":[{"href":"https:\/\/fcvb.cz\/index.php?rest_route=\/wp\/v2\/types\/page"}],"author":[{"embeddable":true,"href":"https:\/\/fcvb.cz\/index.php?rest_route=\/wp\/v2\/users\/2"}],"replies":[{"embeddable":true,"href":"https:\/\/fcvb.cz\/index.php?rest_route=%2Fwp%2Fv2%2Fcomments&post=81"}],"version-history":[{"count":18,"href":"https:\/\/fcvb.cz\/index.php?rest_route=\/wp\/v2\/pages\/81\/revisions"}],"predecessor-version":[{"id":5236,"href":"https:\/\/fcvb.cz\/index.php?rest_route=\/wp\/v2\/pages\/81\/revisions\/5236"}],"wp:attachment":[{"href":"https:\/\/fcvb.cz\/index.php?rest_route=%2Fwp%2Fv2%2Fmedia&parent=81"}],"curies":[{"name":"wp","href":"https:\/\/api.w.org\/{rel}","templated":true}]}}